{"id":93,"date":"2022-12-01T18:50:25","date_gmt":"2022-12-01T18:50:25","guid":{"rendered":"https:\/\/chezdany.ch\/wordpress\/?page_id=93"},"modified":"2025-01-10T12:49:04","modified_gmt":"2025-01-10T12:49:04","slug":"evenements","status":"publish","type":"page","link":"https:\/\/chezdany.ch\/wordpress\/index.php\/evenements\/","title":{"rendered":"\u00e9v\u00e9nements"},"content":{"rendered":"<h3>\n<p class=\"p1\"><strong><span class=\"s1\">EXP\u00c9RIENCE UNIQUE <br \/><\/span><span class=\"s1\">POUR DES \u00c9V\u00c9NEMENTS SUR MESURE<\/span><\/strong><\/p>\n<\/h3>\n<div>\n<p>chez dany vous donne les clefs du chalet pour vous r\u00e9unir en ce lieu privil\u00e9gi\u00e9. profitez de cet endroit \u00e0 couper le souffle pour partager un bon repas et f\u00eater vos plus beaux souvenirs\u2026 en groupe \/ pour un anniversaire \/ un grand repas de famille \/ mariage \u2026 \u00a0pour toute demande d\u2019information, veuillez nous envoyer un mail \u00e0 <a href=\"mailto:chezdanyverbier@gmail.com\" target=\"_blank\" rel=\"noopener\">chezdanyverbier@gmail.com<\/a>, nous prendrons le soin de vous r\u00e9pondre.<\/p>\n<p>pour vos \u00e9v\u00e9nements sur mesure, vous pouvez contacter l\u2019\u00e9quipe de the noodle collective pour vous accompagner dans la cr\u00e9ation de vos \u00e9v\u00e9nements personnalis\u00e9s.. wedding planner \/ party \/ group \/ d\u00e9coration \/ logistique\u00a0\u00a0<a href=\"mailto:info@thenoodlecollective.com\" target=\"_blank\" rel=\"noopener\">info@thenoodlecollective.com<\/a><\/p>\n<\/div>\n<p><img decoding=\"async\" src=\"\/wordpress\/wp-content\/uploads\/2022\/12\/cc406-007-850x400-compressor.jpg\" alt=\"\"><\/p>\n<ul>\n<li>\n<p>        <img decoding=\"async\" src=\"\/wordpress\/wp-content\/uploads\/2022\/12\/ac2f6-005-400x599-compressor.jpg\" alt=\"\"><\/p>\n<\/li>\n<li>\n<p>        <img decoding=\"async\" src=\"\/wordpress\/wp-content\/uploads\/2022\/12\/19c47-009-400x599-compressor.jpg\" alt=\"\"><\/p>\n<\/li>\n<\/ul>\n<p><img decoding=\"async\" src=\"\/wordpress\/wp-content\/uploads\/2022\/12\/67f24-0010-850x400-compressor.jpg\" alt=\"\"><\/p>\n<ul>\n<li>\n<p>        <img decoding=\"async\" src=\"\/wordpress\/wp-content\/uploads\/2022\/12\/6fda2-0011-400x599-compressor.jpg\" alt=\"\"><\/p>\n<\/li>\n<li>\n<p>        <img decoding=\"async\" src=\"\/wordpress\/wp-content\/uploads\/2022\/12\/830a2-0012-400x599-compressor.jpg\" alt=\"\"><\/p>\n<\/li>\n<\/ul>\n<p><img decoding=\"async\" src=\"\/wordpress\/wp-content\/uploads\/2022\/12\/96a07-0013-850x400-compressor.jpg\" alt=\"\"><br \/>\n<img decoding=\"async\" src=\"\/wordpress\/wp-content\/uploads\/2022\/12\/12936-0014-850x400-compressor.jpg\" alt=\"\"><br \/>\n<img decoding=\"async\" src=\"\/wordpress\/wp-content\/uploads\/2022\/12\/f2581-001-400x599-compressor.jpg\" alt=\"\"><br \/>\n<img decoding=\"async\" src=\"\/wordpress\/wp-content\/uploads\/2022\/12\/99bbe-004-400x599-compressor.jpg\" alt=\"\"><br \/>\n<img decoding=\"async\" src=\"\/wordpress\/wp-content\/uploads\/2022\/12\/40318-006-400x599-compressor.jpg\" alt=\"\"><br \/>\n<img decoding=\"async\" src=\"\/wordpress\/wp-content\/uploads\/2022\/12\/22f95-002-400x599-compressor.jpg\" alt=\"\"><br \/>\n<img decoding=\"async\" src=\"\/wordpress\/wp-content\/uploads\/2022\/12\/be3ad-003-400x246-compressor.jpg\" alt=\"\"><br \/>\n<img decoding=\"async\" src=\"\/wordpress\/wp-content\/uploads\/2022\/12\/ac2f6-005-400x599-compressor.jpg\" alt=\"\"><\/p>\n<p><!--more--><br \/>\n<!-- {\"type\":\"layout\",\"children\":[{\"type\":\"section\",\"props\":{\"image_position\":\"center-center\",\"style\":\"default\",\"title_breakpoint\":\"xl\",\"title_position\":\"top-left\",\"title_rotation\":\"left\",\"vertical_align\":\"\",\"width\":\"default\"},\"children\":[{\"type\":\"row\",\"props\":{\"layout\":\"2-3,1-3\"},\"children\":[{\"type\":\"column\",\"props\":{\"image_position\":\"center-center\",\"position_sticky_breakpoint\":\"m\",\"width_medium\":\"2-3\"},\"children\":[{\"type\":\"headline\",\"props\":{\"content\":\"\n\n<p class=\\\"p1\\\"><strong><span class=\\\"s1\\\">EXP\\u00c9RIENCE UNIQUE <br \\\/><\\\/span><span class=\\\"s1\\\">POUR DES \\u00c9V\\u00c9NEMENTS SUR MESURE<\\\/span><\\\/strong><\\\/p>\",\"text_align\":\"left\",\"title_element\":\"h3\",\"title_style\":\"h3\"}},{\"type\":\"text\",\"props\":{\"column_breakpoint\":\"m\",\"content\":\"\n\n<p>chez dany vous donne les clefs du chalet pour vous r\\u00e9unir en ce lieu privil\\u00e9gi\\u00e9. profitez de cet endroit \\u00e0 couper le souffle pour partager un bon repas et f\\u00eater vos plus beaux souvenirs\\u2026 en groupe \\\/ pour un anniversaire \\\/ un grand repas de famille \\\/ mariage \\u2026 \\u00a0pour toute demande d\\u2019information, veuillez nous envoyer un mail \\u00e0 <a href=\\\"mailto:chezdanyverbier@gmail.com\\\" target=\\\"_blank\\\" rel=\\\"noopener\\\">chezdanyverbier@gmail.com<\\\/a>, nous prendrons le soin de vous r\\u00e9pondre.<\\\/p>\\n\n\n<p>pour vos \\u00e9v\\u00e9nements sur mesure, vous pouvez contacter l\\u2019\\u00e9quipe de the noodle collective pour vous accompagner dans la cr\\u00e9ation de vos \\u00e9v\\u00e9nements personnalis\\u00e9s.. wedding planner \\\/ party \\\/ group \\\/ d\\u00e9coration \\\/ logistique\\u00a0\\u00a0<a href=\\\"mailto:info@thenoodlecollective.com\\\" target=\\\"_blank\\\" rel=\\\"noopener\\\">info@thenoodlecollective.com<\\\/a><\\\/p>\",\"margin\":\"default\",\"text_align\":\"justify\"}},{\"type\":\"image\",\"props\":{\"image\":\"wp-content\\\/uploads\\\/2022\\\/12\\\/cc406-007-850x400-compressor.jpg\",\"image_svg_color\":\"emphasis\",\"margin\":\"default\"}},{\"type\":\"gallery\",\"props\":{\"filter_align\":\"left\",\"filter_all\":true,\"filter_grid_breakpoint\":\"m\",\"filter_grid_width\":\"auto\",\"filter_position\":\"top\",\"filter_style\":\"tab\",\"grid_default\":\"1\",\"grid_masonry\":\"next\",\"grid_medium\":\"2\",\"grid_small\":\"1\",\"item_animation\":true,\"link_style\":\"default\",\"link_text\":\"Read more\",\"margin\":\"default\",\"meta_align\":\"below-title\",\"meta_element\":\"div\",\"meta_style\":\"text-meta\",\"overlay_hover\":false,\"overlay_mode\":\"caption\",\"overlay_position\":\"center\",\"overlay_style\":\"\",\"overlay_transition\":\"fade\",\"show_content\":true,\"show_hover_image\":true,\"show_hover_video\":true,\"show_link\":true,\"show_meta\":true,\"show_title\":true,\"text_align\":\"center\",\"text_color\":\"light\",\"title_element\":\"h3\",\"title_hover_style\":\"reset\"},\"children\":[{\"type\":\"gallery_item\",\"props\":{\"image\":\"wp-content\\\/uploads\\\/2022\\\/12\\\/ac2f6-005-400x599-compressor.jpg\"}},{\"type\":\"gallery_item\",\"props\":{\"image\":\"wp-content\\\/uploads\\\/2022\\\/12\\\/19c47-009-400x599-compressor.jpg\"}}]},{\"type\":\"image\",\"props\":{\"image\":\"wp-content\\\/uploads\\\/2022\\\/12\\\/67f24-0010-850x400-compressor.jpg\",\"image_svg_color\":\"emphasis\",\"margin\":\"default\"}},{\"type\":\"gallery\",\"props\":{\"filter_align\":\"left\",\"filter_all\":true,\"filter_grid_breakpoint\":\"m\",\"filter_grid_width\":\"auto\",\"filter_position\":\"top\",\"filter_style\":\"tab\",\"grid_default\":\"1\",\"grid_masonry\":\"next\",\"grid_medium\":\"2\",\"grid_small\":\"1\",\"item_animation\":true,\"link_style\":\"default\",\"link_text\":\"Read more\",\"margin\":\"default\",\"meta_align\":\"below-title\",\"meta_element\":\"div\",\"meta_style\":\"text-meta\",\"overlay_hover\":false,\"overlay_mode\":\"caption\",\"overlay_position\":\"center\",\"overlay_style\":\"\",\"overlay_transition\":\"fade\",\"show_content\":true,\"show_hover_image\":true,\"show_hover_video\":true,\"show_link\":true,\"show_meta\":true,\"show_title\":true,\"text_align\":\"center\",\"text_color\":\"light\",\"title_element\":\"h3\",\"title_hover_style\":\"reset\"},\"children\":[{\"type\":\"gallery_item\",\"props\":{\"image\":\"wp-content\\\/uploads\\\/2022\\\/12\\\/6fda2-0011-400x599-compressor.jpg\"}},{\"type\":\"gallery_item\",\"props\":{\"image\":\"wp-content\\\/uploads\\\/2022\\\/12\\\/830a2-0012-400x599-compressor.jpg\"}}]},{\"type\":\"image\",\"props\":{\"image\":\"wp-content\\\/uploads\\\/2022\\\/12\\\/96a07-0013-850x400-compressor.jpg\",\"image_svg_color\":\"emphasis\",\"margin\":\"default\"}},{\"type\":\"image\",\"props\":{\"image\":\"wp-content\\\/uploads\\\/2022\\\/12\\\/12936-0014-850x400-compressor.jpg\",\"image_svg_color\":\"emphasis\",\"margin\":\"default\"}}]},{\"type\":\"column\",\"props\":{\"image_position\":\"center-center\",\"position_sticky_breakpoint\":\"m\",\"width_medium\":\"1-3\"},\"children\":[{\"type\":\"image\",\"props\":{\"image\":\"wp-content\\\/uploads\\\/2022\\\/12\\\/f2581-001-400x599-compressor.jpg\",\"image_svg_color\":\"emphasis\",\"margin\":\"default\"}},{\"type\":\"image\",\"props\":{\"image\":\"wp-content\\\/uploads\\\/2022\\\/12\\\/99bbe-004-400x599-compressor.jpg\",\"image_svg_color\":\"emphasis\",\"margin\":\"default\"}},{\"type\":\"image\",\"props\":{\"image\":\"wp-content\\\/uploads\\\/2022\\\/12\\\/40318-006-400x599-compressor.jpg\",\"image_svg_color\":\"emphasis\",\"margin\":\"default\"}},{\"type\":\"image\",\"props\":{\"image\":\"wp-content\\\/uploads\\\/2022\\\/12\\\/22f95-002-400x599-compressor.jpg\",\"image_svg_color\":\"emphasis\",\"margin\":\"default\"}},{\"type\":\"image\",\"props\":{\"image\":\"wp-content\\\/uploads\\\/2022\\\/12\\\/be3ad-003-400x246-compressor.jpg\",\"image_svg_color\":\"emphasis\",\"margin\":\"default\"}},{\"type\":\"image\",\"props\":{\"image\":\"wp-content\\\/uploads\\\/2022\\\/12\\\/ac2f6-005-400x599-compressor.jpg\",\"image_svg_color\":\"emphasis\",\"margin\":\"default\"}}]}]}],\"name\":\"exp\\u00e9rience unique pour des \\u00e9v\\u00e9nements sur mesure\"}],\"version\":\"4.4.20\"} --><\/p>\n","protected":false},"excerpt":{"rendered":"<p>EXP\u00c9RIENCE UNIQUE POUR DES \u00c9V\u00c9NEMENTS SUR MESURE chez dany vous donne les clefs du chalet pour vous r\u00e9unir en ce lieu privil\u00e9gi\u00e9. profitez de cet endroit \u00e0 couper le souffle pour partager un bon repas et f\u00eater vos plus beaux souvenirs\u2026 en groupe \/ pour un anniversaire \/ un grand repas de famille \/ mariage [&hellip;]<\/p>\n","protected":false},"author":1,"featured_media":0,"parent":0,"menu_order":0,"comment_status":"closed","ping_status":"closed","template":"","meta":{"footnotes":""},"class_list":["post-93","page","type-page","status-publish","hentry"],"yoast_head":"<!-- This site is optimized with the Yoast SEO plugin v26.7 - https:\/\/yoast.com\/wordpress\/plugins\/seo\/ -->\n<title>Ev\u00e9nements - Chez Dany<\/title>\n<meta name=\"description\" content=\"Ev\u00e9nements - Chez Dany vous donne les clefs du chalet pour vous r\u00e9unir en ce lieu privil\u00e9gi\u00e9. Profitez de cet endroit \u00e0 couper le souffle ...\" \/>\n<meta name=\"robots\" content=\"index, follow, max-snippet:-1, max-image-preview:large, max-video-preview:-1\" \/>\n<link rel=\"canonical\" href=\"https:\/\/chezdany.ch\/wordpress\/index.php\/evenements\/\" \/>\n<meta property=\"og:locale\" content=\"fr_FR\" \/>\n<meta property=\"og:type\" content=\"article\" \/>\n<meta property=\"og:title\" content=\"Ev\u00e9nements - Chez Dany\" \/>\n<meta property=\"og:description\" content=\"Ev\u00e9nements - Chez Dany vous donne les clefs du chalet pour vous r\u00e9unir en ce lieu privil\u00e9gi\u00e9. Profitez de cet endroit \u00e0 couper le souffle ...\" \/>\n<meta property=\"og:url\" content=\"https:\/\/chezdany.ch\/wordpress\/index.php\/evenements\/\" \/>\n<meta property=\"og:site_name\" content=\"Chez Dany\" \/>\n<meta property=\"article:publisher\" content=\"https:\/\/www.facebook.com\/chezdanyverbier\" \/>\n<meta property=\"article:modified_time\" content=\"2025-01-10T12:49:04+00:00\" \/>\n<meta name=\"twitter:card\" content=\"summary_large_image\" \/>\n<meta name=\"twitter:label1\" content=\"Dur\u00e9e de lecture estim\u00e9e\" \/>\n\t<meta name=\"twitter:data1\" content=\"4 minutes\" \/>\n<script type=\"application\/ld+json\" class=\"yoast-schema-graph\">{\"@context\":\"https:\/\/schema.org\",\"@graph\":[{\"@type\":\"WebPage\",\"@id\":\"https:\/\/chezdany.ch\/wordpress\/index.php\/evenements\/\",\"url\":\"https:\/\/chezdany.ch\/wordpress\/index.php\/evenements\/\",\"name\":\"Ev\u00e9nements - Chez Dany\",\"isPartOf\":{\"@id\":\"https:\/\/chezdany.ch\/wordpress\/#website\"},\"datePublished\":\"2022-12-01T18:50:25+00:00\",\"dateModified\":\"2025-01-10T12:49:04+00:00\",\"description\":\"Ev\u00e9nements - Chez Dany vous donne les clefs du chalet pour vous r\u00e9unir en ce lieu privil\u00e9gi\u00e9. Profitez de cet endroit \u00e0 couper le souffle ...\",\"breadcrumb\":{\"@id\":\"https:\/\/chezdany.ch\/wordpress\/index.php\/evenements\/#breadcrumb\"},\"inLanguage\":\"fr-FR\",\"potentialAction\":[{\"@type\":\"ReadAction\",\"target\":[\"https:\/\/chezdany.ch\/wordpress\/index.php\/evenements\/\"]}]},{\"@type\":\"BreadcrumbList\",\"@id\":\"https:\/\/chezdany.ch\/wordpress\/index.php\/evenements\/#breadcrumb\",\"itemListElement\":[{\"@type\":\"ListItem\",\"position\":1,\"name\":\"Accueil\",\"item\":\"https:\/\/chezdany.ch\/wordpress\/\"},{\"@type\":\"ListItem\",\"position\":2,\"name\":\"\u00e9v\u00e9nements\"}]},{\"@type\":\"WebSite\",\"@id\":\"https:\/\/chezdany.ch\/wordpress\/#website\",\"url\":\"https:\/\/chezdany.ch\/wordpress\/\",\"name\":\"Chez Dany\",\"description\":\"Restaurant de Montagne\",\"publisher\":{\"@id\":\"https:\/\/chezdany.ch\/wordpress\/#organization\"},\"potentialAction\":[{\"@type\":\"SearchAction\",\"target\":{\"@type\":\"EntryPoint\",\"urlTemplate\":\"https:\/\/chezdany.ch\/wordpress\/?s={search_term_string}\"},\"query-input\":{\"@type\":\"PropertyValueSpecification\",\"valueRequired\":true,\"valueName\":\"search_term_string\"}}],\"inLanguage\":\"fr-FR\"},{\"@type\":\"Organization\",\"@id\":\"https:\/\/chezdany.ch\/wordpress\/#organization\",\"name\":\"Chez Dany\",\"url\":\"https:\/\/chezdany.ch\/wordpress\/\",\"logo\":{\"@type\":\"ImageObject\",\"inLanguage\":\"fr-FR\",\"@id\":\"https:\/\/chezdany.ch\/wordpress\/#\/schema\/logo\/image\/\",\"url\":\"https:\/\/chezdany.ch\/wordpress\/wp-content\/uploads\/2022\/12\/logo-chezdany-noir.png\",\"contentUrl\":\"https:\/\/chezdany.ch\/wordpress\/wp-content\/uploads\/2022\/12\/logo-chezdany-noir.png\",\"width\":1100,\"height\":285,\"caption\":\"Chez Dany\"},\"image\":{\"@id\":\"https:\/\/chezdany.ch\/wordpress\/#\/schema\/logo\/image\/\"},\"sameAs\":[\"https:\/\/www.facebook.com\/chezdanyverbier\",\"https:\/\/www.instagram.com\/chezdanyverbier\/\"]}]}<\/script>\n<!-- \/ Yoast SEO plugin. -->","yoast_head_json":{"title":"Ev\u00e9nements - Chez Dany","description":"Ev\u00e9nements - Chez Dany vous donne les clefs du chalet pour vous r\u00e9unir en ce lieu privil\u00e9gi\u00e9. Profitez de cet endroit \u00e0 couper le souffle ...","robots":{"index":"index","follow":"follow","max-snippet":"max-snippet:-1","max-image-preview":"max-image-preview:large","max-video-preview":"max-video-preview:-1"},"canonical":"https:\/\/chezdany.ch\/wordpress\/index.php\/evenements\/","og_locale":"fr_FR","og_type":"article","og_title":"Ev\u00e9nements - Chez Dany","og_description":"Ev\u00e9nements - Chez Dany vous donne les clefs du chalet pour vous r\u00e9unir en ce lieu privil\u00e9gi\u00e9. Profitez de cet endroit \u00e0 couper le souffle ...","og_url":"https:\/\/chezdany.ch\/wordpress\/index.php\/evenements\/","og_site_name":"Chez Dany","article_publisher":"https:\/\/www.facebook.com\/chezdanyverbier","article_modified_time":"2025-01-10T12:49:04+00:00","twitter_card":"summary_large_image","twitter_misc":{"Dur\u00e9e de lecture estim\u00e9e":"4 minutes"},"schema":{"@context":"https:\/\/schema.org","@graph":[{"@type":"WebPage","@id":"https:\/\/chezdany.ch\/wordpress\/index.php\/evenements\/","url":"https:\/\/chezdany.ch\/wordpress\/index.php\/evenements\/","name":"Ev\u00e9nements - Chez Dany","isPartOf":{"@id":"https:\/\/chezdany.ch\/wordpress\/#website"},"datePublished":"2022-12-01T18:50:25+00:00","dateModified":"2025-01-10T12:49:04+00:00","description":"Ev\u00e9nements - Chez Dany vous donne les clefs du chalet pour vous r\u00e9unir en ce lieu privil\u00e9gi\u00e9. Profitez de cet endroit \u00e0 couper le souffle ...","breadcrumb":{"@id":"https:\/\/chezdany.ch\/wordpress\/index.php\/evenements\/#breadcrumb"},"inLanguage":"fr-FR","potentialAction":[{"@type":"ReadAction","target":["https:\/\/chezdany.ch\/wordpress\/index.php\/evenements\/"]}]},{"@type":"BreadcrumbList","@id":"https:\/\/chezdany.ch\/wordpress\/index.php\/evenements\/#breadcrumb","itemListElement":[{"@type":"ListItem","position":1,"name":"Accueil","item":"https:\/\/chezdany.ch\/wordpress\/"},{"@type":"ListItem","position":2,"name":"\u00e9v\u00e9nements"}]},{"@type":"WebSite","@id":"https:\/\/chezdany.ch\/wordpress\/#website","url":"https:\/\/chezdany.ch\/wordpress\/","name":"Chez Dany","description":"Restaurant de Montagne","publisher":{"@id":"https:\/\/chezdany.ch\/wordpress\/#organization"},"potentialAction":[{"@type":"SearchAction","target":{"@type":"EntryPoint","urlTemplate":"https:\/\/chezdany.ch\/wordpress\/?s={search_term_string}"},"query-input":{"@type":"PropertyValueSpecification","valueRequired":true,"valueName":"search_term_string"}}],"inLanguage":"fr-FR"},{"@type":"Organization","@id":"https:\/\/chezdany.ch\/wordpress\/#organization","name":"Chez Dany","url":"https:\/\/chezdany.ch\/wordpress\/","logo":{"@type":"ImageObject","inLanguage":"fr-FR","@id":"https:\/\/chezdany.ch\/wordpress\/#\/schema\/logo\/image\/","url":"https:\/\/chezdany.ch\/wordpress\/wp-content\/uploads\/2022\/12\/logo-chezdany-noir.png","contentUrl":"https:\/\/chezdany.ch\/wordpress\/wp-content\/uploads\/2022\/12\/logo-chezdany-noir.png","width":1100,"height":285,"caption":"Chez Dany"},"image":{"@id":"https:\/\/chezdany.ch\/wordpress\/#\/schema\/logo\/image\/"},"sameAs":["https:\/\/www.facebook.com\/chezdanyverbier","https:\/\/www.instagram.com\/chezdanyverbier\/"]}]}},"_links":{"self":[{"href":"https:\/\/chezdany.ch\/wordpress\/index.php\/wp-json\/wp\/v2\/pages\/93","targetHints":{"allow":["GET"]}}],"collection":[{"href":"https:\/\/chezdany.ch\/wordpress\/index.php\/wp-json\/wp\/v2\/pages"}],"about":[{"href":"https:\/\/chezdany.ch\/wordpress\/index.php\/wp-json\/wp\/v2\/types\/page"}],"author":[{"embeddable":true,"href":"https:\/\/chezdany.ch\/wordpress\/index.php\/wp-json\/wp\/v2\/users\/1"}],"replies":[{"embeddable":true,"href":"https:\/\/chezdany.ch\/wordpress\/index.php\/wp-json\/wp\/v2\/comments?post=93"}],"version-history":[{"count":7,"href":"https:\/\/chezdany.ch\/wordpress\/index.php\/wp-json\/wp\/v2\/pages\/93\/revisions"}],"predecessor-version":[{"id":471,"href":"https:\/\/chezdany.ch\/wordpress\/index.php\/wp-json\/wp\/v2\/pages\/93\/revisions\/471"}],"wp:attachment":[{"href":"https:\/\/chezdany.ch\/wordpress\/index.php\/wp-json\/wp\/v2\/media?parent=93"}],"curies":[{"name":"wp","href":"https:\/\/api.w.org\/{rel}","templated":true}]}}