{"id":45,"date":"2022-12-01T18:06:50","date_gmt":"2022-12-01T18:06:50","guid":{"rendered":"https:\/\/chezdany.ch\/wordpress\/?page_id=45"},"modified":"2025-01-20T09:43:44","modified_gmt":"2025-01-20T09:43:44","slug":"restaurant","status":"publish","type":"page","link":"https:\/\/chezdany.ch\/wordpress\/index.php\/restaurant\/","title":{"rendered":"restaurant"},"content":{"rendered":"<h3><strong>EXP\u00c9RIENCE UNIQUE<\/strong><br \/><strong>DE RESTAURATION EN MONTAGNE<\/strong><\/h3>\n<div>\n<p>situ\u00e9 \u00e0 20 minutes de carrefour, chez dany vous ouvre les portes de la for\u00eat de clambin, retrouvez-nous loin de la foule dans un cadre authentique pour d\u00e9guster un bon repas en famille ou entre amis dans une ambiance conviviale et une vue panoramique incroyable.<\/p>\n<p>le chef et son \u00e9quipe vous propose un menu de saison qui s\u2019adapte \u00e0 vos envies\u2026 des produits frais &amp; bio, des plats v\u00e9g\u00e9tariens aux plats classiques en passant par toutes les saveurs du monde.<\/p>\n<\/div>\n<p><img decoding=\"async\" src=\"\/wordpress\/wp-content\/uploads\/2022\/12\/chezdany-scaled.jpg\" alt=\"\"><\/p>\n<ul>\n<li>\n<p>        <img decoding=\"async\" src=\"\/wordpress\/wp-content\/uploads\/2022\/12\/1ffb0-008-400x300-compressor.jpg\" alt=\"\"><\/p>\n<\/li>\n<li>\n<p>        <img decoding=\"async\" src=\"\/wordpress\/wp-content\/uploads\/2022\/12\/41f0d-138f5-011-400x550-modif.jpg\" alt=\"\"><\/p>\n<\/li>\n<li>\n<p>        <img decoding=\"async\" src=\"\/wordpress\/wp-content\/uploads\/2025\/01\/chezdany_24-117-scaled.jpg\" alt=\"\"><\/p>\n<\/li>\n<li>\n<p>        <img decoding=\"async\" src=\"\/wordpress\/wp-content\/uploads\/2022\/12\/7547a-012-400x353-compressor.jpg\" alt=\"\"><\/p>\n<\/li>\n<li>\n<p>        <img decoding=\"async\" src=\"\/wordpress\/wp-content\/uploads\/2022\/12\/chezdany-129-scaled-e1669932463503.jpg\" alt=\"\"><\/p>\n<\/li>\n<li>\n<p>        <img decoding=\"async\" src=\"\/wordpress\/wp-content\/uploads\/2025\/01\/chezdany_24-167-scaled.jpg\" alt=\"\"><\/p>\n<\/li>\n<\/ul>\n<p><img decoding=\"async\" src=\"\/wordpress\/wp-content\/uploads\/2025\/01\/chezdany_24-131-scaled.jpg\" alt=\"\"><\/p>\n<ul>\n<li>\n<p>        <img decoding=\"async\" src=\"\/wordpress\/wp-content\/uploads\/2025\/01\/chezdany_24-136-scaled.jpg\" alt=\"\"><\/p>\n<\/li>\n<li>\n<p>        <img decoding=\"async\" src=\"\/wordpress\/wp-content\/uploads\/2022\/12\/71f7e-006-400x686-compressor.jpg\" alt=\"\"><\/p>\n<\/li>\n<li>\n<p>        <img decoding=\"async\" src=\"\/wordpress\/wp-content\/uploads\/2022\/12\/1C_auf_Weiss-150-JPG.jpg\" alt=\"\"><\/p>\n<\/li>\n<li>\n<p>        <img decoding=\"async\" src=\"\/wordpress\/wp-content\/uploads\/2025\/01\/chezdany_24-155-scaled.jpg\" alt=\"\"><\/p>\n<\/li>\n<li>\n<p>        <img decoding=\"async\" src=\"\/wordpress\/wp-content\/uploads\/2025\/01\/chezdany_24-160-scaled.jpg\" alt=\"\"><\/p>\n<\/li>\n<\/ul>\n<p><img decoding=\"async\" src=\"\/wordpress\/wp-content\/uploads\/2025\/01\/chezdany_24-163-scaled.jpg\" alt=\"\"><br \/>\n<img decoding=\"async\" src=\"\/wordpress\/wp-content\/uploads\/2025\/01\/chezdany_24-176-scaled.jpg\" alt=\"\"><br \/>\n<img decoding=\"async\" src=\"\/wordpress\/wp-content\/uploads\/2022\/12\/chezdany-128-scaled.jpg\" alt=\"\"><br \/>\n<img decoding=\"async\" src=\"\/wordpress\/wp-content\/uploads\/2022\/12\/15da4-004-400x599-compressor.jpg\" alt=\"\"><br \/>\n<img decoding=\"async\" src=\"\/wordpress\/wp-content\/uploads\/2022\/12\/2a4a0-003-400x399-compressor.jpg\" alt=\"\"><br \/>\n<img decoding=\"async\" src=\"\/wordpress\/wp-content\/uploads\/2022\/12\/933d1-logo-fumoir-n.png\" alt=\"\"><br \/>\n<img decoding=\"async\" src=\"\/wordpress\/wp-content\/uploads\/2022\/12\/7d238-005-400x405-compressor.jpg\" alt=\"\"><\/p>\n<div>\n<p>lettre d&rsquo;un \u00e9crivain anonyme retrouv\u00e9e dans la for\u00eat<\/p>\n<p>\u00a0\u00bb to you stranger, if you find yourself on a mountain trail, keep going for no other reason but to cherish and soak up the beauty that surrounds you. remember to look up, use the senses that you are blessed to have\u00a0: feel the earth below your feet , smell the warm pine, taste the freshness of the air you breathe and the water you drink from the streams. see the way the ridges have been moulded over millennia , and hear the silence. with all my love, hope and happiness. your fellow human\u00a0\u00ab\u00a0<\/p>\n<\/div>\n<p><img decoding=\"async\" src=\"\/wordpress\/wp-content\/uploads\/2022\/12\/66a76-016-400x399-compressor.jpg\" alt=\"\"><\/p>\n<p><!--more--><br \/>\n<!-- {\"type\":\"layout\",\"children\":[{\"type\":\"section\",\"props\":{\"image_position\":\"center-center\",\"style\":\"default\",\"title_breakpoint\":\"xl\",\"title_position\":\"top-left\",\"title_rotation\":\"left\",\"vertical_align\":\"\",\"width\":\"default\"},\"children\":[{\"type\":\"row\",\"props\":{\"layout\":\"2-3,1-3\"},\"children\":[{\"type\":\"column\",\"props\":{\"image_position\":\"center-center\",\"position_sticky_breakpoint\":\"m\",\"width_medium\":\"2-3\"},\"children\":[{\"type\":\"headline\",\"props\":{\"content\":\"<strong>EXP\\u00c9RIENCE UNIQUE<\\\/strong><br \\\/><strong>DE RESTAURATION EN MONTAGNE<\\\/strong>\",\"text_align\":\"left\",\"title_element\":\"h3\",\"title_style\":\"h3\"}},{\"type\":\"text\",\"props\":{\"column_breakpoint\":\"m\",\"content\":\"\n\n<p>situ\\u00e9 \\u00e0 20 minutes de carrefour, chez dany vous ouvre les portes de la for\\u00eat de clambin, retrouvez-nous loin de la foule dans un cadre authentique pour d\\u00e9guster un bon repas en famille ou entre amis dans une ambiance conviviale et une vue panoramique incroyable.<\\\/p>\\n\n\n<p>le chef et son \\u00e9quipe vous propose un menu de saison qui s\\u2019adapte \\u00e0 vos envies\\u2026 des produits frais &amp; bio, des plats v\\u00e9g\\u00e9tariens aux plats classiques en passant par toutes les saveurs du monde.<\\\/p>\",\"margin\":\"default\",\"text_align\":\"justify\"}},{\"type\":\"image\",\"props\":{\"image\":\"wp-content\\\/uploads\\\/2022\\\/12\\\/chezdany-scaled.jpg\",\"image_svg_color\":\"emphasis\",\"margin\":\"default\"}},{\"type\":\"gallery\",\"props\":{\"filter_align\":\"left\",\"filter_all\":true,\"filter_grid_breakpoint\":\"m\",\"filter_grid_width\":\"auto\",\"filter_position\":\"top\",\"filter_style\":\"tab\",\"grid_default\":\"1\",\"grid_masonry\":\"next\",\"grid_medium\":\"2\",\"grid_small\":\"1\",\"item_animation\":true,\"link_style\":\"default\",\"link_text\":\"Read more\",\"margin\":\"default\",\"meta_align\":\"below-title\",\"meta_element\":\"div\",\"meta_style\":\"text-meta\",\"overlay_hover\":false,\"overlay_mode\":\"caption\",\"overlay_position\":\"center\",\"overlay_style\":\"overlay-primary\",\"overlay_transition\":\"fade\",\"show_content\":true,\"show_hover_image\":true,\"show_hover_video\":true,\"show_link\":true,\"show_meta\":true,\"show_title\":true,\"text_align\":\"center\",\"text_color\":\"light\",\"title_element\":\"h3\",\"title_hover_style\":\"reset\"},\"children\":[{\"type\":\"gallery_item\",\"props\":{\"image\":\"wp-content\\\/uploads\\\/2022\\\/12\\\/1ffb0-008-400x300-compressor.jpg\"}},{\"type\":\"gallery_item\",\"props\":{\"image\":\"wp-content\\\/uploads\\\/2022\\\/12\\\/41f0d-138f5-011-400x550-modif.jpg\"}},{\"type\":\"gallery_item\",\"props\":{\"image\":\"wp-content\\\/uploads\\\/2025\\\/01\\\/chezdany_24-117-scaled.jpg\"}},{\"type\":\"gallery_item\",\"props\":{\"image\":\"wp-content\\\/uploads\\\/2022\\\/12\\\/7547a-012-400x353-compressor.jpg\"}},{\"type\":\"gallery_item\",\"props\":{\"image\":\"wp-content\\\/uploads\\\/2022\\\/12\\\/chezdany-129-scaled-e1669932463503.jpg\"}},{\"type\":\"gallery_item\",\"props\":{\"image\":\"wp-content\\\/uploads\\\/2025\\\/01\\\/chezdany_24-167-scaled.jpg\"}}]},{\"type\":\"image\",\"props\":{\"image\":\"wp-content\\\/uploads\\\/2025\\\/01\\\/chezdany_24-131-scaled.jpg\",\"image_svg_color\":\"emphasis\",\"margin\":\"default\"}},{\"type\":\"gallery\",\"props\":{\"filter_align\":\"left\",\"filter_all\":true,\"filter_grid_breakpoint\":\"m\",\"filter_grid_width\":\"auto\",\"filter_position\":\"top\",\"filter_style\":\"tab\",\"grid_default\":\"1\",\"grid_masonry\":\"next\",\"grid_medium\":\"2\",\"grid_small\":\"1\",\"item_animation\":true,\"link_style\":\"default\",\"link_text\":\"Read more\",\"margin\":\"default\",\"meta_align\":\"below-title\",\"meta_element\":\"div\",\"meta_style\":\"text-meta\",\"overlay_hover\":false,\"overlay_mode\":\"caption\",\"overlay_position\":\"center\",\"overlay_style\":\"overlay-primary\",\"overlay_transition\":\"fade\",\"show_content\":true,\"show_hover_image\":true,\"show_hover_video\":true,\"show_link\":true,\"show_meta\":true,\"show_title\":true,\"text_align\":\"center\",\"text_color\":\"light\",\"title_element\":\"h3\",\"title_hover_style\":\"reset\"},\"children\":[{\"type\":\"gallery_item\",\"props\":{\"image\":\"wp-content\\\/uploads\\\/2025\\\/01\\\/chezdany_24-136-scaled.jpg\"}},{\"type\":\"gallery_item\",\"props\":{\"image\":\"wp-content\\\/uploads\\\/2022\\\/12\\\/71f7e-006-400x686-compressor.jpg\"}},{\"type\":\"gallery_item\",\"props\":{\"image\":\"wp-content\\\/uploads\\\/2022\\\/12\\\/1C_auf_Weiss-150-JPG.jpg\"}},{\"type\":\"gallery_item\",\"props\":{\"image\":\"wp-content\\\/uploads\\\/2025\\\/01\\\/chezdany_24-155-scaled.jpg\"}},{\"type\":\"gallery_item\",\"props\":{\"image\":\"wp-content\\\/uploads\\\/2025\\\/01\\\/chezdany_24-160-scaled.jpg\"}}]}]},{\"type\":\"column\",\"props\":{\"image_position\":\"center-center\",\"position_sticky_breakpoint\":\"m\",\"width_medium\":\"1-3\"},\"children\":[{\"type\":\"image\",\"props\":{\"image\":\"wp-content\\\/uploads\\\/2025\\\/01\\\/chezdany_24-163-scaled.jpg\",\"image_svg_color\":\"emphasis\",\"margin\":\"default\"}},{\"type\":\"image\",\"props\":{\"image\":\"wp-content\\\/uploads\\\/2025\\\/01\\\/chezdany_24-176-scaled.jpg\",\"image_svg_color\":\"emphasis\",\"margin\":\"default\"}},{\"type\":\"image\",\"props\":{\"image\":\"wp-content\\\/uploads\\\/2022\\\/12\\\/chezdany-128-scaled.jpg\",\"image_svg_color\":\"emphasis\",\"margin\":\"default\"}},{\"type\":\"image\",\"props\":{\"image\":\"wp-content\\\/uploads\\\/2022\\\/12\\\/15da4-004-400x599-compressor.jpg\",\"image_svg_color\":\"emphasis\",\"margin\":\"default\"}},{\"type\":\"image\",\"props\":{\"image\":\"wp-content\\\/uploads\\\/2022\\\/12\\\/2a4a0-003-400x399-compressor.jpg\",\"image_svg_color\":\"emphasis\",\"margin\":\"default\"}},{\"type\":\"image\",\"props\":{\"image\":\"wp-content\\\/uploads\\\/2022\\\/12\\\/933d1-logo-fumoir-n.png\",\"image_svg_color\":\"emphasis\",\"margin\":\"default\"}},{\"type\":\"image\",\"props\":{\"image\":\"wp-content\\\/uploads\\\/2022\\\/12\\\/7d238-005-400x405-compressor.jpg\",\"image_svg_color\":\"emphasis\",\"margin\":\"default\"}},{\"type\":\"text\",\"props\":{\"column_breakpoint\":\"m\",\"content\":\"\n\n<p>lettre d'un \\u00e9crivain anonyme retrouv\\u00e9e dans la for\\u00eat<\\\/p>\\n\n\n<p>\\\" to you stranger, if you find yourself on a mountain trail, keep going for no other reason but to cherish and soak up the beauty that surrounds you. remember to look up, use the senses that you are blessed to have\\u00a0: feel the earth below your feet , smell the warm pine, taste the freshness of the air you breathe and the water you drink from the streams. see the way the ridges have been moulded over millennia , and hear the silence. with all my love, hope and happiness. your fellow human\\u00a0\\\"<\\\/p>\",\"margin\":\"default\",\"text_align\":\"justify\",\"text_style\":\"small\"}},{\"type\":\"image\",\"props\":{\"image\":\"wp-content\\\/uploads\\\/2022\\\/12\\\/66a76-016-400x399-compressor.jpg\",\"image_svg_color\":\"emphasis\",\"margin\":\"default\"}}]}]}],\"name\":\"exp\\u00e9rience unique de restauration en montagne\"}],\"version\":\"4.4.20\"} --><\/p>\n","protected":false},"excerpt":{"rendered":"<p>EXP\u00c9RIENCE UNIQUEDE RESTAURATION EN MONTAGNE situ\u00e9 \u00e0 20 minutes de carrefour, chez dany vous ouvre les portes de la for\u00eat de clambin, retrouvez-nous loin de la foule dans un cadre authentique pour d\u00e9guster un bon repas en famille ou entre amis dans une ambiance conviviale et une vue panoramique incroyable. le chef et son \u00e9quipe [&hellip;]<\/p>\n","protected":false},"author":1,"featured_media":0,"parent":0,"menu_order":0,"comment_status":"closed","ping_status":"closed","template":"","meta":{"footnotes":""},"class_list":["post-45","page","type-page","status-publish","hentry"],"yoast_head":"<!-- This site is optimized with the Yoast SEO plugin v26.7 - https:\/\/yoast.com\/wordpress\/plugins\/seo\/ -->\n<title>restaurant - Chez Dany<\/title>\n<meta name=\"robots\" content=\"index, follow, max-snippet:-1, max-image-preview:large, max-video-preview:-1\" \/>\n<link rel=\"canonical\" href=\"https:\/\/chezdany.ch\/wordpress\/index.php\/restaurant\/\" \/>\n<meta property=\"og:locale\" content=\"fr_FR\" \/>\n<meta property=\"og:type\" content=\"article\" \/>\n<meta property=\"og:title\" content=\"restaurant - Chez Dany\" \/>\n<meta property=\"og:description\" content=\"EXP\u00c9RIENCE UNIQUEDE RESTAURATION EN MONTAGNE situ\u00e9 \u00e0 20 minutes de carrefour, chez dany vous ouvre les portes de la for\u00eat de clambin, retrouvez-nous loin de la foule dans un cadre authentique pour d\u00e9guster un bon repas en famille ou entre amis dans une ambiance conviviale et une vue panoramique incroyable. le chef et son \u00e9quipe [&hellip;]\" \/>\n<meta property=\"og:url\" content=\"https:\/\/chezdany.ch\/wordpress\/index.php\/restaurant\/\" \/>\n<meta property=\"og:site_name\" content=\"Chez Dany\" \/>\n<meta property=\"article:publisher\" content=\"https:\/\/www.facebook.com\/chezdanyverbier\" \/>\n<meta property=\"article:modified_time\" content=\"2025-01-20T09:43:44+00:00\" \/>\n<meta name=\"twitter:card\" content=\"summary_large_image\" \/>\n<script type=\"application\/ld+json\" class=\"yoast-schema-graph\">{\"@context\":\"https:\/\/schema.org\",\"@graph\":[{\"@type\":\"WebPage\",\"@id\":\"https:\/\/chezdany.ch\/wordpress\/index.php\/restaurant\/\",\"url\":\"https:\/\/chezdany.ch\/wordpress\/index.php\/restaurant\/\",\"name\":\"restaurant - Chez Dany\",\"isPartOf\":{\"@id\":\"https:\/\/chezdany.ch\/wordpress\/#website\"},\"datePublished\":\"2022-12-01T18:06:50+00:00\",\"dateModified\":\"2025-01-20T09:43:44+00:00\",\"breadcrumb\":{\"@id\":\"https:\/\/chezdany.ch\/wordpress\/index.php\/restaurant\/#breadcrumb\"},\"inLanguage\":\"fr-FR\",\"potentialAction\":[{\"@type\":\"ReadAction\",\"target\":[\"https:\/\/chezdany.ch\/wordpress\/index.php\/restaurant\/\"]}]},{\"@type\":\"BreadcrumbList\",\"@id\":\"https:\/\/chezdany.ch\/wordpress\/index.php\/restaurant\/#breadcrumb\",\"itemListElement\":[{\"@type\":\"ListItem\",\"position\":1,\"name\":\"Accueil\",\"item\":\"https:\/\/chezdany.ch\/wordpress\/\"},{\"@type\":\"ListItem\",\"position\":2,\"name\":\"restaurant\"}]},{\"@type\":\"WebSite\",\"@id\":\"https:\/\/chezdany.ch\/wordpress\/#website\",\"url\":\"https:\/\/chezdany.ch\/wordpress\/\",\"name\":\"Chez Dany\",\"description\":\"Restaurant de Montagne\",\"publisher\":{\"@id\":\"https:\/\/chezdany.ch\/wordpress\/#organization\"},\"potentialAction\":[{\"@type\":\"SearchAction\",\"target\":{\"@type\":\"EntryPoint\",\"urlTemplate\":\"https:\/\/chezdany.ch\/wordpress\/?s={search_term_string}\"},\"query-input\":{\"@type\":\"PropertyValueSpecification\",\"valueRequired\":true,\"valueName\":\"search_term_string\"}}],\"inLanguage\":\"fr-FR\"},{\"@type\":\"Organization\",\"@id\":\"https:\/\/chezdany.ch\/wordpress\/#organization\",\"name\":\"Chez Dany\",\"url\":\"https:\/\/chezdany.ch\/wordpress\/\",\"logo\":{\"@type\":\"ImageObject\",\"inLanguage\":\"fr-FR\",\"@id\":\"https:\/\/chezdany.ch\/wordpress\/#\/schema\/logo\/image\/\",\"url\":\"https:\/\/chezdany.ch\/wordpress\/wp-content\/uploads\/2022\/12\/logo-chezdany-noir.png\",\"contentUrl\":\"https:\/\/chezdany.ch\/wordpress\/wp-content\/uploads\/2022\/12\/logo-chezdany-noir.png\",\"width\":1100,\"height\":285,\"caption\":\"Chez Dany\"},\"image\":{\"@id\":\"https:\/\/chezdany.ch\/wordpress\/#\/schema\/logo\/image\/\"},\"sameAs\":[\"https:\/\/www.facebook.com\/chezdanyverbier\",\"https:\/\/www.instagram.com\/chezdanyverbier\/\"]}]}<\/script>\n<!-- \/ Yoast SEO plugin. -->","yoast_head_json":{"title":"restaurant - Chez Dany","robots":{"index":"index","follow":"follow","max-snippet":"max-snippet:-1","max-image-preview":"max-image-preview:large","max-video-preview":"max-video-preview:-1"},"canonical":"https:\/\/chezdany.ch\/wordpress\/index.php\/restaurant\/","og_locale":"fr_FR","og_type":"article","og_title":"restaurant - Chez Dany","og_description":"EXP\u00c9RIENCE UNIQUEDE RESTAURATION EN MONTAGNE situ\u00e9 \u00e0 20 minutes de carrefour, chez dany vous ouvre les portes de la for\u00eat de clambin, retrouvez-nous loin de la foule dans un cadre authentique pour d\u00e9guster un bon repas en famille ou entre amis dans une ambiance conviviale et une vue panoramique incroyable. le chef et son \u00e9quipe [&hellip;]","og_url":"https:\/\/chezdany.ch\/wordpress\/index.php\/restaurant\/","og_site_name":"Chez Dany","article_publisher":"https:\/\/www.facebook.com\/chezdanyverbier","article_modified_time":"2025-01-20T09:43:44+00:00","twitter_card":"summary_large_image","schema":{"@context":"https:\/\/schema.org","@graph":[{"@type":"WebPage","@id":"https:\/\/chezdany.ch\/wordpress\/index.php\/restaurant\/","url":"https:\/\/chezdany.ch\/wordpress\/index.php\/restaurant\/","name":"restaurant - Chez Dany","isPartOf":{"@id":"https:\/\/chezdany.ch\/wordpress\/#website"},"datePublished":"2022-12-01T18:06:50+00:00","dateModified":"2025-01-20T09:43:44+00:00","breadcrumb":{"@id":"https:\/\/chezdany.ch\/wordpress\/index.php\/restaurant\/#breadcrumb"},"inLanguage":"fr-FR","potentialAction":[{"@type":"ReadAction","target":["https:\/\/chezdany.ch\/wordpress\/index.php\/restaurant\/"]}]},{"@type":"BreadcrumbList","@id":"https:\/\/chezdany.ch\/wordpress\/index.php\/restaurant\/#breadcrumb","itemListElement":[{"@type":"ListItem","position":1,"name":"Accueil","item":"https:\/\/chezdany.ch\/wordpress\/"},{"@type":"ListItem","position":2,"name":"restaurant"}]},{"@type":"WebSite","@id":"https:\/\/chezdany.ch\/wordpress\/#website","url":"https:\/\/chezdany.ch\/wordpress\/","name":"Chez Dany","description":"Restaurant de Montagne","publisher":{"@id":"https:\/\/chezdany.ch\/wordpress\/#organization"},"potentialAction":[{"@type":"SearchAction","target":{"@type":"EntryPoint","urlTemplate":"https:\/\/chezdany.ch\/wordpress\/?s={search_term_string}"},"query-input":{"@type":"PropertyValueSpecification","valueRequired":true,"valueName":"search_term_string"}}],"inLanguage":"fr-FR"},{"@type":"Organization","@id":"https:\/\/chezdany.ch\/wordpress\/#organization","name":"Chez Dany","url":"https:\/\/chezdany.ch\/wordpress\/","logo":{"@type":"ImageObject","inLanguage":"fr-FR","@id":"https:\/\/chezdany.ch\/wordpress\/#\/schema\/logo\/image\/","url":"https:\/\/chezdany.ch\/wordpress\/wp-content\/uploads\/2022\/12\/logo-chezdany-noir.png","contentUrl":"https:\/\/chezdany.ch\/wordpress\/wp-content\/uploads\/2022\/12\/logo-chezdany-noir.png","width":1100,"height":285,"caption":"Chez Dany"},"image":{"@id":"https:\/\/chezdany.ch\/wordpress\/#\/schema\/logo\/image\/"},"sameAs":["https:\/\/www.facebook.com\/chezdanyverbier","https:\/\/www.instagram.com\/chezdanyverbier\/"]}]}},"_links":{"self":[{"href":"https:\/\/chezdany.ch\/wordpress\/index.php\/wp-json\/wp\/v2\/pages\/45","targetHints":{"allow":["GET"]}}],"collection":[{"href":"https:\/\/chezdany.ch\/wordpress\/index.php\/wp-json\/wp\/v2\/pages"}],"about":[{"href":"https:\/\/chezdany.ch\/wordpress\/index.php\/wp-json\/wp\/v2\/types\/page"}],"author":[{"embeddable":true,"href":"https:\/\/chezdany.ch\/wordpress\/index.php\/wp-json\/wp\/v2\/users\/1"}],"replies":[{"embeddable":true,"href":"https:\/\/chezdany.ch\/wordpress\/index.php\/wp-json\/wp\/v2\/comments?post=45"}],"version-history":[{"count":17,"href":"https:\/\/chezdany.ch\/wordpress\/index.php\/wp-json\/wp\/v2\/pages\/45\/revisions"}],"predecessor-version":[{"id":564,"href":"https:\/\/chezdany.ch\/wordpress\/index.php\/wp-json\/wp\/v2\/pages\/45\/revisions\/564"}],"wp:attachment":[{"href":"https:\/\/chezdany.ch\/wordpress\/index.php\/wp-json\/wp\/v2\/media?parent=45"}],"curies":[{"name":"wp","href":"https:\/\/api.w.org\/{rel}","templated":true}]}}